{"id":3598,"date":"2024-03-25T08:54:32","date_gmt":"2024-03-25T08:54:32","guid":{"rendered":"https:\/\/www.rivaslampe.com\/?page_id=3598"},"modified":"2026-01-31T09:36:11","modified_gmt":"2026-01-31T09:36:11","slug":"dia-de-las-madres","status":"publish","type":"page","link":"https:\/\/www.rivaslampe.com\/en\/dia-de-las-madres\/","title":{"rendered":"D\u00eda de las madres"},"content":{"rendered":"<div data-elementor-type=\"wp-page\" data-elementor-id=\"3598\" class=\"elementor elementor-3598\" data-elementor-post-type=\"page\">\n\t\t\t\t\t\t<section class=\"elementor-section elementor-top-section elementor-element elementor-element-9033e3c elementor-section-boxed elementor-section-height-default elementor-section-height-default\" data-id=\"9033e3c\" data-element_type=\"section\" data-e-type=\"section\" data-settings=\"{&quot;background_background&quot;:&quot;classic&quot;}\">\n\t\t\t\t\t\t<div class=\"elementor-container elementor-column-gap-default\">\n\t\t\t\t\t<div class=\"elementor-column elementor-col-100 elementor-top-column elementor-element elementor-element-affa82c\" data-id=\"affa82c\" data-element_type=\"column\" data-e-type=\"column\">\n\t\t\t<div class=\"elementor-widget-wrap elementor-element-populated\">\n\t\t\t\t\t\t<div class=\"elementor-element elementor-element-1f7d28c elementor-widget elementor-widget-text-editor\" data-id=\"1f7d28c\" data-element_type=\"widget\" data-e-type=\"widget\" data-widget_type=\"text-editor.default\">\n\t\t\t\t<div class=\"elementor-widget-container\">\n\t\t\t\t\t\t\t\t\t<h1 style=\"text-align: right;\">Mini Sesiones\u00a0 d\u00eda de las madres\u00a0<\/h1>\t\t\t\t\t\t\t\t<\/div>\n\t\t\t\t<\/div>\n\t\t\t\t\t<\/div>\n\t\t<\/div>\n\t\t\t\t\t<\/div>\n\t\t<\/section>\n\t\t\t\t<section class=\"elementor-section elementor-top-section elementor-element elementor-element-325c6e8 elementor-section-boxed elementor-section-height-default elementor-section-height-default\" data-id=\"325c6e8\" data-element_type=\"section\" data-e-type=\"section\" data-settings=\"{&quot;background_background&quot;:&quot;classic&quot;}\">\n\t\t\t\t\t\t<div class=\"elementor-container elementor-column-gap-default\">\n\t\t\t\t\t<div class=\"elementor-column elementor-col-50 elementor-top-column elementor-element elementor-element-a1d9524\" data-id=\"a1d9524\" data-element_type=\"column\" data-e-type=\"column\">\n\t\t\t<div class=\"elementor-widget-wrap elementor-element-populated\">\n\t\t\t\t\t\t<div class=\"elementor-element elementor-element-f667efc elementor-widget elementor-widget-image\" data-id=\"f667efc\" data-element_type=\"widget\" data-e-type=\"widget\" data-widget_type=\"image.default\">\n\t\t\t\t<div class=\"elementor-widget-container\">\n\t\t\t\t\t\t\t\t\t\t\t\t\t\t\t<img fetchpriority=\"high\" decoding=\"async\" width=\"1563\" height=\"1563\" src=\"https:\/\/www.rivaslampe.com\/wp-content\/uploads\/2024\/03\/Diseno-sin-titulo-5.png\" class=\"attachment-2048x2048 size-2048x2048 wp-image-3604\" alt=\"\" srcset=\"https:\/\/www.rivaslampe.com\/wp-content\/uploads\/2024\/03\/Diseno-sin-titulo-5.png 1563w, https:\/\/www.rivaslampe.com\/wp-content\/uploads\/2024\/03\/Diseno-sin-titulo-5-300x300.png 300w, https:\/\/www.rivaslampe.com\/wp-content\/uploads\/2024\/03\/Diseno-sin-titulo-5-1024x1024.png 1024w, https:\/\/www.rivaslampe.com\/wp-content\/uploads\/2024\/03\/Diseno-sin-titulo-5-150x150.png 150w, https:\/\/www.rivaslampe.com\/wp-content\/uploads\/2024\/03\/Diseno-sin-titulo-5-768x768.png 768w, https:\/\/www.rivaslampe.com\/wp-content\/uploads\/2024\/03\/Diseno-sin-titulo-5-1536x1536.png 1536w\" sizes=\"(max-width: 1563px) 100vw, 1563px\" \/>\t\t\t\t\t\t\t\t\t\t\t\t\t\t\t<\/div>\n\t\t\t\t<\/div>\n\t\t\t\t<div class=\"elementor-element elementor-element-b195fea elementor-widget elementor-widget-image\" data-id=\"b195fea\" data-element_type=\"widget\" data-e-type=\"widget\" data-widget_type=\"image.default\">\n\t\t\t\t<div class=\"elementor-widget-container\">\n\t\t\t\t\t\t\t\t\t\t\t\t\t\t\t<img decoding=\"async\" width=\"724\" height=\"1024\" src=\"https:\/\/www.rivaslampe.com\/wp-content\/uploads\/2026\/01\/diamadres-1-724x1024.webp\" class=\"attachment-large size-large wp-image-3803\" alt=\"\" srcset=\"https:\/\/www.rivaslampe.com\/wp-content\/uploads\/2026\/01\/diamadres-1-724x1024.webp 724w, https:\/\/www.rivaslampe.com\/wp-content\/uploads\/2026\/01\/diamadres-1-212x300.webp 212w, https:\/\/www.rivaslampe.com\/wp-content\/uploads\/2026\/01\/diamadres-1-768x1086.webp 768w, https:\/\/www.rivaslampe.com\/wp-content\/uploads\/2026\/01\/diamadres-1-1086x1536.webp 1086w, https:\/\/www.rivaslampe.com\/wp-content\/uploads\/2026\/01\/diamadres-1-8x12.webp 8w, https:\/\/www.rivaslampe.com\/wp-content\/uploads\/2026\/01\/diamadres-1.webp 1414w\" sizes=\"(max-width: 724px) 100vw, 724px\" \/>\t\t\t\t\t\t\t\t\t\t\t\t\t\t\t<\/div>\n\t\t\t\t<\/div>\n\t\t\t\t\t<\/div>\n\t\t<\/div>\n\t\t\t\t<div class=\"elementor-column elementor-col-50 elementor-top-column elementor-element elementor-element-44907b7\" data-id=\"44907b7\" data-element_type=\"column\" data-e-type=\"column\">\n\t\t\t<div class=\"elementor-widget-wrap elementor-element-populated\">\n\t\t\t\t\t\t<div class=\"elementor-element elementor-element-f2faf7d elementor-widget elementor-widget-heading\" data-id=\"f2faf7d\" data-element_type=\"widget\" data-e-type=\"widget\" data-widget_type=\"heading.default\">\n\t\t\t\t<div class=\"elementor-widget-container\">\n\t\t\t\t\t<h2 class=\"elementor-heading-title elementor-size-default\">mini sesiones<\/h2>\t\t\t\t<\/div>\n\t\t\t\t<\/div>\n\t\t\t\t<div class=\"elementor-element elementor-element-20dca09 elementor-widget elementor-widget-text-editor\" data-id=\"20dca09\" data-element_type=\"widget\" data-e-type=\"widget\" data-widget_type=\"text-editor.default\">\n\t\t\t\t<div class=\"elementor-widget-container\">\n\t\t\t\t\t\t\t\t\t<p style=\"text-align: center;\">d\u00eda de las madres\u00a0<\/p>\t\t\t\t\t\t\t\t<\/div>\n\t\t\t\t<\/div>\n\t\t\t\t<div class=\"elementor-element elementor-element-77aef58 elementor-widget elementor-widget-text-editor\" data-id=\"77aef58\" data-element_type=\"widget\" data-e-type=\"widget\" data-widget_type=\"text-editor.default\">\n\t\t\t\t<div class=\"elementor-widget-container\">\n\t\t\t\t\t\t\t\t\t<p data-start=\"140\" data-end=\"349\">La maternidad es un viaje lleno de momentos m\u00e1gicos, de risas, abrazos y peque\u00f1as historias que forman la vida de una familia. Cada sonrisa, cada gesto, cada mirada c\u00f3mplice merece ser recordada y celebrada.<\/p><p data-start=\"351\" data-end=\"703\">El D\u00eda de la Madre es el momento perfecto para detener el tiempo y capturar la esencia de lo que significa ser mam\u00e1: amor, fuerza y ternura en cada instante. Una sesi\u00f3n de fotos es m\u00e1s que im\u00e1genes; es un recuerdo eterno que nos permite revivir la magia de estos d\u00edas, los abrazos sinceros y los peque\u00f1os detalles que hacen grande la vida en familia.<\/p><p data-start=\"705\" data-end=\"837\">\u00a0<\/p>\t\t\t\t\t\t\t\t<\/div>\n\t\t\t\t<\/div>\n\t\t\t\t<div class=\"elementor-element elementor-element-e9e9561 elementor-mobile-align-center elementor-widget elementor-widget-button\" data-id=\"e9e9561\" data-element_type=\"widget\" data-e-type=\"widget\" data-widget_type=\"button.default\">\n\t\t\t\t<div class=\"elementor-widget-container\">\n\t\t\t\t\t\t\t\t\t<div class=\"elementor-button-wrapper\">\n\t\t\t\t\t<a class=\"elementor-button elementor-button-link elementor-size-sm\" href=\"https:\/\/calendly.com\/sesionesrivaslampe\/sesiones-dia-de-la-madre\">\n\t\t\t\t\t\t<span class=\"elementor-button-content-wrapper\">\n\t\t\t\t\t\t\t\t\t<span class=\"elementor-button-text\">\u00a1Quiero ver m\u00e1s informaci\u00f3n! <\/span>\n\t\t\t\t\t<\/span>\n\t\t\t\t\t<\/a>\n\t\t\t\t<\/div>\n\t\t\t\t\t\t\t\t<\/div>\n\t\t\t\t<\/div>\n\t\t\t\t\t<\/div>\n\t\t<\/div>\n\t\t\t\t\t<\/div>\n\t\t<\/section>\n\t\t\t\t<\/div>","protected":false},"excerpt":{"rendered":"<p>Mini Sesiones\u00a0 d\u00eda de las madres\u00a0 mini sesiones d\u00eda de las madres\u00a0 La maternidad es un viaje lleno de momentos m\u00e1gicos, de risas, abrazos y peque\u00f1as historias que forman la vida de una familia. Cada sonrisa, cada gesto, cada mirada c\u00f3mplice merece ser recordada y celebrada. El D\u00eda de la Madre es el momento perfecto &hellip;<\/p>\n<p class=\"read-more\"> <a class=\"\" href=\"https:\/\/www.rivaslampe.com\/en\/dia-de-las-madres\/\"> <span class=\"screen-reader-text\">D\u00eda de las madres<\/span> Read More &raquo;<\/a><\/p>","protected":false},"author":3,"featured_media":2531,"parent":0,"menu_order":0,"comment_status":"closed","ping_status":"closed","template":"","meta":{"site-sidebar-layout":"no-sidebar","site-content-layout":"page-builder","ast-site-content-layout":"full-width-container","site-content-style":"unboxed","site-sidebar-style":"unboxed","ast-global-header-display":"","ast-banner-title-visibility":"","ast-main-header-display":"","ast-hfb-above-header-display":"","ast-hfb-below-header-display":"","ast-hfb-mobile-header-display":"","site-post-title":"disabled","ast-breadcrumbs-content":"","ast-featured-img":"disabled","footer-sml-layout":"","theme-transparent-header-meta":"","adv-header-id-meta":"","stick-header-meta":"","header-above-stick-meta":"","header-main-stick-meta":"","header-below-stick-meta":"","astra-migrate-meta-layouts":"set","footnotes":""},"class_list":["post-3598","page","type-page","status-publish","has-post-thumbnail","hentry"],"yoast_head":"<!-- This site is optimized with the Yoast SEO plugin v27.0 - https:\/\/yoast.com\/product\/yoast-seo-wordpress\/ -->\n<title>D\u00eda de las madres - RivasLampe<\/title>\n<meta name=\"robots\" content=\"index, follow, max-snippet:-1, max-image-preview:large, max-video-preview:-1\" \/>\n<link rel=\"canonical\" href=\"https:\/\/www.rivaslampe.com\/en\/dia-de-las-madres\/\" \/>\n<meta property=\"og:locale\" content=\"en_US\" \/>\n<meta property=\"og:type\" content=\"article\" \/>\n<meta property=\"og:title\" content=\"D\u00eda de las madres - RivasLampe\" \/>\n<meta property=\"og:description\" content=\"Mini Sesiones\u00a0 d\u00eda de las madres\u00a0 mini sesiones d\u00eda de las madres\u00a0 La maternidad es un viaje lleno de momentos m\u00e1gicos, de risas, abrazos y peque\u00f1as historias que forman la vida de una familia. Cada sonrisa, cada gesto, cada mirada c\u00f3mplice merece ser recordada y celebrada. El D\u00eda de la Madre es el momento perfecto &hellip; D\u00eda de las madres Read More &raquo;\" \/>\n<meta property=\"og:url\" content=\"https:\/\/www.rivaslampe.com\/en\/dia-de-las-madres\/\" \/>\n<meta property=\"og:site_name\" content=\"RivasLampe\" \/>\n<meta property=\"article:modified_time\" content=\"2026-01-31T09:36:11+00:00\" \/>\n<meta property=\"og:image\" content=\"https:\/\/www.rivaslampe.com\/wp-content\/uploads\/2023\/08\/Sesiones_embarazo-5-1-scaled.jpg\" \/>\n\t<meta property=\"og:image:width\" content=\"1707\" \/>\n\t<meta property=\"og:image:height\" content=\"2560\" \/>\n\t<meta property=\"og:image:type\" content=\"image\/jpeg\" \/>\n<meta name=\"twitter:card\" content=\"summary_large_image\" \/>\n<meta name=\"twitter:label1\" content=\"Est. reading time\" \/>\n\t<meta name=\"twitter:data1\" content=\"1 minute\" \/>\n<script type=\"application\/ld+json\" class=\"yoast-schema-graph\">{\"@context\":\"https:\/\/schema.org\",\"@graph\":[{\"@type\":\"WebPage\",\"@id\":\"https:\/\/www.rivaslampe.com\/dia-de-las-madres\/\",\"url\":\"https:\/\/www.rivaslampe.com\/dia-de-las-madres\/\",\"name\":\"D\u00eda de las madres - RivasLampe\",\"isPartOf\":{\"@id\":\"https:\/\/www.rivaslampe.com\/#website\"},\"primaryImageOfPage\":{\"@id\":\"https:\/\/www.rivaslampe.com\/dia-de-las-madres\/#primaryimage\"},\"image\":{\"@id\":\"https:\/\/www.rivaslampe.com\/dia-de-las-madres\/#primaryimage\"},\"thumbnailUrl\":\"https:\/\/www.rivaslampe.com\/wp-content\/uploads\/2023\/08\/Sesiones_embarazo-26-1-scaled.jpg\",\"datePublished\":\"2024-03-25T08:54:32+00:00\",\"dateModified\":\"2026-01-31T09:36:11+00:00\",\"breadcrumb\":{\"@id\":\"https:\/\/www.rivaslampe.com\/dia-de-las-madres\/#breadcrumb\"},\"inLanguage\":\"en-US\",\"potentialAction\":[{\"@type\":\"ReadAction\",\"target\":[\"https:\/\/www.rivaslampe.com\/dia-de-las-madres\/\"]}]},{\"@type\":\"ImageObject\",\"inLanguage\":\"en-US\",\"@id\":\"https:\/\/www.rivaslampe.com\/dia-de-las-madres\/#primaryimage\",\"url\":\"https:\/\/www.rivaslampe.com\/wp-content\/uploads\/2023\/08\/Sesiones_embarazo-26-1-scaled.jpg\",\"contentUrl\":\"https:\/\/www.rivaslampe.com\/wp-content\/uploads\/2023\/08\/Sesiones_embarazo-26-1-scaled.jpg\",\"width\":2048,\"height\":2560,\"caption\":\"Sesiones de embarazo en Madrid\"},{\"@type\":\"BreadcrumbList\",\"@id\":\"https:\/\/www.rivaslampe.com\/dia-de-las-madres\/#breadcrumb\",\"itemListElement\":[{\"@type\":\"ListItem\",\"position\":1,\"name\":\"Portada\",\"item\":\"https:\/\/www.rivaslampe.com\/\"},{\"@type\":\"ListItem\",\"position\":2,\"name\":\"D\u00eda de las madres\"}]},{\"@type\":\"WebSite\",\"@id\":\"https:\/\/www.rivaslampe.com\/#website\",\"url\":\"https:\/\/www.rivaslampe.com\/\",\"name\":\"RivasLampe\",\"description\":\"Fotograf\u00eda de boda en Madrid\",\"potentialAction\":[{\"@type\":\"SearchAction\",\"target\":{\"@type\":\"EntryPoint\",\"urlTemplate\":\"https:\/\/www.rivaslampe.com\/?s={search_term_string}\"},\"query-input\":{\"@type\":\"PropertyValueSpecification\",\"valueRequired\":true,\"valueName\":\"search_term_string\"}}],\"inLanguage\":\"en-US\"}]}<\/script>\n<!-- \/ Yoast SEO plugin. -->","yoast_head_json":{"title":"D\u00eda de las madres - RivasLampe","robots":{"index":"index","follow":"follow","max-snippet":"max-snippet:-1","max-image-preview":"max-image-preview:large","max-video-preview":"max-video-preview:-1"},"canonical":"https:\/\/www.rivaslampe.com\/en\/dia-de-las-madres\/","og_locale":"en_US","og_type":"article","og_title":"D\u00eda de las madres - RivasLampe","og_description":"Mini Sesiones\u00a0 d\u00eda de las madres\u00a0 mini sesiones d\u00eda de las madres\u00a0 La maternidad es un viaje lleno de momentos m\u00e1gicos, de risas, abrazos y peque\u00f1as historias que forman la vida de una familia. Cada sonrisa, cada gesto, cada mirada c\u00f3mplice merece ser recordada y celebrada. El D\u00eda de la Madre es el momento perfecto &hellip; D\u00eda de las madres Read More &raquo;","og_url":"https:\/\/www.rivaslampe.com\/en\/dia-de-las-madres\/","og_site_name":"RivasLampe","article_modified_time":"2026-01-31T09:36:11+00:00","og_image":[{"width":1707,"height":2560,"url":"https:\/\/www.rivaslampe.com\/wp-content\/uploads\/2023\/08\/Sesiones_embarazo-5-1-scaled.jpg","type":"image\/jpeg"}],"twitter_card":"summary_large_image","twitter_misc":{"Est. reading time":"1 minute"},"schema":{"@context":"https:\/\/schema.org","@graph":[{"@type":"WebPage","@id":"https:\/\/www.rivaslampe.com\/dia-de-las-madres\/","url":"https:\/\/www.rivaslampe.com\/dia-de-las-madres\/","name":"D\u00eda de las madres - RivasLampe","isPartOf":{"@id":"https:\/\/www.rivaslampe.com\/#website"},"primaryImageOfPage":{"@id":"https:\/\/www.rivaslampe.com\/dia-de-las-madres\/#primaryimage"},"image":{"@id":"https:\/\/www.rivaslampe.com\/dia-de-las-madres\/#primaryimage"},"thumbnailUrl":"https:\/\/www.rivaslampe.com\/wp-content\/uploads\/2023\/08\/Sesiones_embarazo-26-1-scaled.jpg","datePublished":"2024-03-25T08:54:32+00:00","dateModified":"2026-01-31T09:36:11+00:00","breadcrumb":{"@id":"https:\/\/www.rivaslampe.com\/dia-de-las-madres\/#breadcrumb"},"inLanguage":"en-US","potentialAction":[{"@type":"ReadAction","target":["https:\/\/www.rivaslampe.com\/dia-de-las-madres\/"]}]},{"@type":"ImageObject","inLanguage":"en-US","@id":"https:\/\/www.rivaslampe.com\/dia-de-las-madres\/#primaryimage","url":"https:\/\/www.rivaslampe.com\/wp-content\/uploads\/2023\/08\/Sesiones_embarazo-26-1-scaled.jpg","contentUrl":"https:\/\/www.rivaslampe.com\/wp-content\/uploads\/2023\/08\/Sesiones_embarazo-26-1-scaled.jpg","width":2048,"height":2560,"caption":"Sesiones de embarazo en Madrid"},{"@type":"BreadcrumbList","@id":"https:\/\/www.rivaslampe.com\/dia-de-las-madres\/#breadcrumb","itemListElement":[{"@type":"ListItem","position":1,"name":"Portada","item":"https:\/\/www.rivaslampe.com\/"},{"@type":"ListItem","position":2,"name":"D\u00eda de las madres"}]},{"@type":"WebSite","@id":"https:\/\/www.rivaslampe.com\/#website","url":"https:\/\/www.rivaslampe.com\/","name":"RivasLampe","description":"Fotograf\u00eda de boda en Madrid","potentialAction":[{"@type":"SearchAction","target":{"@type":"EntryPoint","urlTemplate":"https:\/\/www.rivaslampe.com\/?s={search_term_string}"},"query-input":{"@type":"PropertyValueSpecification","valueRequired":true,"valueName":"search_term_string"}}],"inLanguage":"en-US"}]}},"_links":{"self":[{"href":"https:\/\/www.rivaslampe.com\/en\/wp-json\/wp\/v2\/pages\/3598","targetHints":{"allow":["GET"]}}],"collection":[{"href":"https:\/\/www.rivaslampe.com\/en\/wp-json\/wp\/v2\/pages"}],"about":[{"href":"https:\/\/www.rivaslampe.com\/en\/wp-json\/wp\/v2\/types\/page"}],"author":[{"embeddable":true,"href":"https:\/\/www.rivaslampe.com\/en\/wp-json\/wp\/v2\/users\/3"}],"replies":[{"embeddable":true,"href":"https:\/\/www.rivaslampe.com\/en\/wp-json\/wp\/v2\/comments?post=3598"}],"version-history":[{"count":18,"href":"https:\/\/www.rivaslampe.com\/en\/wp-json\/wp\/v2\/pages\/3598\/revisions"}],"predecessor-version":[{"id":3826,"href":"https:\/\/www.rivaslampe.com\/en\/wp-json\/wp\/v2\/pages\/3598\/revisions\/3826"}],"wp:featuredmedia":[{"embeddable":true,"href":"https:\/\/www.rivaslampe.com\/en\/wp-json\/wp\/v2\/media\/2531"}],"wp:attachment":[{"href":"https:\/\/www.rivaslampe.com\/en\/wp-json\/wp\/v2\/media?parent=3598"}],"curies":[{"name":"wp","href":"https:\/\/api.w.org\/{rel}","templated":true}]}}