{"id":1326,"date":"2023-04-26T14:56:47","date_gmt":"2023-04-26T14:56:47","guid":{"rendered":"https:\/\/www.rivaslampe.com\/?page_id=1326"},"modified":"2023-08-23T08:35:27","modified_gmt":"2023-08-23T08:35:27","slug":"politica-de-cookies","status":"publish","type":"page","link":"https:\/\/www.rivaslampe.com\/en\/politica-de-cookies\/","title":{"rendered":"Pol\u00edtica de Cookies"},"content":{"rendered":"<div data-elementor-type=\"wp-page\" data-elementor-id=\"1326\" class=\"elementor elementor-1326\" data-elementor-post-type=\"page\">\n\t\t\t\t\t\t<section class=\"elementor-section elementor-top-section elementor-element elementor-element-250e857 elementor-section-boxed elementor-section-height-default elementor-section-height-default\" data-id=\"250e857\" data-element_type=\"section\" data-e-type=\"section\" data-settings=\"{&quot;background_background&quot;:&quot;classic&quot;}\">\n\t\t\t\t\t\t<div class=\"elementor-container elementor-column-gap-default\">\n\t\t\t\t\t<div class=\"elementor-column elementor-col-100 elementor-top-column elementor-element elementor-element-2439d8e\" data-id=\"2439d8e\" data-element_type=\"column\" data-e-type=\"column\">\n\t\t\t<div class=\"elementor-widget-wrap elementor-element-populated\">\n\t\t\t\t\t\t<div class=\"elementor-element elementor-element-d97c45b elementor-widget elementor-widget-heading\" data-id=\"d97c45b\" data-element_type=\"widget\" data-e-type=\"widget\" data-widget_type=\"heading.default\">\n\t\t\t\t<div class=\"elementor-widget-container\">\n\t\t\t\t\t<h2 class=\"elementor-heading-title elementor-size-default\">Cookie policy<\/h2>\t\t\t\t<\/div>\n\t\t\t\t<\/div>\n\t\t\t\t<div class=\"elementor-element elementor-element-8c1812e elementor-widget elementor-widget-text-editor\" data-id=\"8c1812e\" data-element_type=\"widget\" data-e-type=\"widget\" data-widget_type=\"text-editor.default\">\n\t\t\t\t<div class=\"elementor-widget-container\">\n\t\t\t\t\t\t\t\t\t<p><b>\u00bfQu\u00e9 son las cookies?<\/b><\/p><p>Este sitio web utiliza cookies y\/o tecnolog\u00edas similares que almacenan y recuperan informaci\u00f3n cuando navegas. En general, estas tecnolog\u00edas pueden servir para finalidades muy diversas, como, por ejemplo, reconocerte como usuario, obtener informaci\u00f3n sobre tus h\u00e1bitos de navegaci\u00f3n, o personalizar la forma en que se muestra el contenido.<\/p><p><b>\u00bfQu\u00e9 tipos de cookies se utilizan en esta p\u00e1gina web?\u00a0<\/b><\/p><p><b>Cookies de terceros<\/b><\/p><p>*INDICAR COOKIES*<\/p><p><u>Cookies de an\u00e1lisis<\/u>: permiten cuantificar el n\u00famero de usuarios y as\u00ed realizar la medici\u00f3n y an\u00e1lisis estad\u00edstico de la utilizaci\u00f3n que hacen los usuarios del servicio ofertado. Para ello se analiza su navegaci\u00f3n en nuestra p\u00e1gina web con el fin de mejorar la oferta de productos o servicios que le ofrecemos.<\/p><p><u>Cookies t\u00e9cnicas<\/u>: La cookie se utiliza para identificar a los clientes individuales detr\u00e1s de una direcci\u00f3n IP compartida y aplicar la configuraci\u00f3n de seguridad por cada cliente. No corresponde a ninguna identificaci\u00f3n de usuario en la aplicaci\u00f3n web y no almacena ninguna informaci\u00f3n personal identificable.<\/p><p><b>C\u00f3mo eliminar cookies de terceros<\/b><\/p><p>Tenga en cuenta que, si acepta las cookies de terceros, deber\u00e1 eliminarlas desde las opciones del navegador o desde el sistema ofrecido por el propio tercero.<\/p><p><b>\u00a0Desactivaci\u00f3n de cookies a trav\u00e9s del navegador<\/b><\/p><p>Puede usted permitir, bloquear o eliminar las cookies instaladas en su equipo mediante la configuraci\u00f3n de las opciones del navegador instalado en su ordenador. Por favor, lea atentamente la secci\u00f3n de ayuda de su navegador para conocer m\u00e1s acerca de c\u00f3mo activar el \u201cmodo privado\u201d o desbloquear determinadas cookies.<\/p><ul><li><b>Internet Explorer:<\/b><\/li><\/ul><p>Puede consultar el\u00a0<a href=\"https:\/\/support.microsoft.com\/es-es\/help\/17442\/windows-internet-explorer-delete-manage-cookies\">soporte de Microsoft<\/a>\u00a0o la Ayuda del navegador.<\/p><ul><li><b>Firefox:<\/b><\/li><\/ul><p>Puede consultar el\u00a0<a href=\"https:\/\/support.mozilla.org\/es\/kb\/habilitar-y-deshabilitar-cookies-sitios-web-rastrear-preferencias\">soporte de Mozilla<\/a>\u00a0o la Ayuda del navegador.<\/p><ul><li><b>Chrome:<\/b><\/li><\/ul><p>Puede consultar el\u00a0<a href=\"https:\/\/support.google.com\/chrome\/answer\/95647?co=GENIE.Platform%3DDesktop&amp;hl=es\">soporte de Google<\/a>\u00a0o la Ayuda del navegador.<\/p><ul><li><b>Safari:<\/b><\/li><\/ul><p>Puede consultar el\u00a0<a href=\"https:\/\/support.apple.com\/kb\/PH21411?locale=es_ES\">soporte de Apple<\/a>\u00a0o la Ayuda del navegador.<\/p><p><b>Actualizaciones y cambios en la Pol\u00edtica de Cookies.<\/b><\/p><p>RivasLampe podr\u00e1 modificar esta Pol\u00edtica de Cookies para actualizarla o en funci\u00f3n de exigencias legislativas, reglamentarias, o con la finalidad de adaptar dicha pol\u00edtica a las instrucciones dictadas por la Agencia Espa\u00f1ola de Protecci\u00f3n de Datos, por ello se aconseja a los Usuarios que la visiten peri\u00f3dicamente.<\/p><p>\u00a0\u00daltima actualizaci\u00f3n: 21 de septiembre de 2020<\/p>\t\t\t\t\t\t\t\t<\/div>\n\t\t\t\t<\/div>\n\t\t\t\t\t<\/div>\n\t\t<\/div>\n\t\t\t\t\t<\/div>\n\t\t<\/section>\n\t\t\t\t<\/div>","protected":false},"excerpt":{"rendered":"<p>Pol\u00edtica de cookies \u00bfQu\u00e9 son las cookies? Este sitio web utiliza cookies y\/o tecnolog\u00edas similares que almacenan y recuperan informaci\u00f3n cuando navegas. En general, estas tecnolog\u00edas pueden servir para finalidades muy diversas, como, por ejemplo, reconocerte como usuario, obtener informaci\u00f3n sobre tus h\u00e1bitos de navegaci\u00f3n, o personalizar la forma en que se muestra el contenido. &hellip;<\/p>\n<p class=\"read-more\"> <a class=\"\" href=\"https:\/\/www.rivaslampe.com\/en\/politica-de-cookies\/\"> <span class=\"screen-reader-text\">Pol\u00edtica de Cookies<\/span> Read More &raquo;<\/a><\/p>","protected":false},"author":4,"featured_media":0,"parent":0,"menu_order":0,"comment_status":"closed","ping_status":"closed","template":"","meta":{"site-sidebar-layout":"no-sidebar","site-content-layout":"page-builder","ast-site-content-layout":"","site-content-style":"default","site-sidebar-style":"default","ast-global-header-display":"","ast-banner-title-visibility":"","ast-main-header-display":"","ast-hfb-above-header-display":"","ast-hfb-below-header-display":"","ast-hfb-mobile-header-display":"","site-post-title":"disabled","ast-breadcrumbs-content":"","ast-featured-img":"disabled","footer-sml-layout":"","theme-transparent-header-meta":"","adv-header-id-meta":"","stick-header-meta":"","header-above-stick-meta":"","header-main-stick-meta":"","header-below-stick-meta":"","astra-migrate-meta-layouts":"","footnotes":""},"class_list":["post-1326","page","type-page","status-publish","hentry"],"yoast_head":"<!-- This site is optimized with the Yoast SEO plugin v27.0 - https:\/\/yoast.com\/product\/yoast-seo-wordpress\/ -->\n<title>Pol\u00edtica de Cookies - RivasLampe<\/title>\n<meta name=\"robots\" content=\"index, follow, max-snippet:-1, max-image-preview:large, max-video-preview:-1\" \/>\n<link rel=\"canonical\" href=\"https:\/\/www.rivaslampe.com\/en\/politica-de-cookies\/\" \/>\n<meta property=\"og:locale\" content=\"en_US\" \/>\n<meta property=\"og:type\" content=\"article\" \/>\n<meta property=\"og:title\" content=\"Pol\u00edtica de Cookies - RivasLampe\" \/>\n<meta property=\"og:description\" content=\"Pol\u00edtica de cookies \u00bfQu\u00e9 son las cookies? Este sitio web utiliza cookies y\/o tecnolog\u00edas similares que almacenan y recuperan informaci\u00f3n cuando navegas. En general, estas tecnolog\u00edas pueden servir para finalidades muy diversas, como, por ejemplo, reconocerte como usuario, obtener informaci\u00f3n sobre tus h\u00e1bitos de navegaci\u00f3n, o personalizar la forma en que se muestra el contenido. &hellip; Pol\u00edtica de Cookies Read More &raquo;\" \/>\n<meta property=\"og:url\" content=\"https:\/\/www.rivaslampe.com\/en\/politica-de-cookies\/\" \/>\n<meta property=\"og:site_name\" content=\"RivasLampe\" \/>\n<meta property=\"article:modified_time\" content=\"2023-08-23T08:35:27+00:00\" \/>\n<meta name=\"twitter:card\" content=\"summary_large_image\" \/>\n<meta name=\"twitter:label1\" content=\"Est. reading time\" \/>\n\t<meta name=\"twitter:data1\" content=\"2 minutes\" \/>\n<script type=\"application\/ld+json\" class=\"yoast-schema-graph\">{\"@context\":\"https:\/\/schema.org\",\"@graph\":[{\"@type\":\"WebPage\",\"@id\":\"https:\/\/www.rivaslampe.com\/politica-de-cookies\/\",\"url\":\"https:\/\/www.rivaslampe.com\/politica-de-cookies\/\",\"name\":\"Pol\u00edtica de Cookies - RivasLampe\",\"isPartOf\":{\"@id\":\"https:\/\/www.rivaslampe.com\/#website\"},\"datePublished\":\"2023-04-26T14:56:47+00:00\",\"dateModified\":\"2023-08-23T08:35:27+00:00\",\"breadcrumb\":{\"@id\":\"https:\/\/www.rivaslampe.com\/politica-de-cookies\/#breadcrumb\"},\"inLanguage\":\"en-US\",\"potentialAction\":[{\"@type\":\"ReadAction\",\"target\":[\"https:\/\/www.rivaslampe.com\/politica-de-cookies\/\"]}]},{\"@type\":\"BreadcrumbList\",\"@id\":\"https:\/\/www.rivaslampe.com\/politica-de-cookies\/#breadcrumb\",\"itemListElement\":[{\"@type\":\"ListItem\",\"position\":1,\"name\":\"Portada\",\"item\":\"https:\/\/www.rivaslampe.com\/\"},{\"@type\":\"ListItem\",\"position\":2,\"name\":\"Pol\u00edtica de Cookies\"}]},{\"@type\":\"WebSite\",\"@id\":\"https:\/\/www.rivaslampe.com\/#website\",\"url\":\"https:\/\/www.rivaslampe.com\/\",\"name\":\"RivasLampe\",\"description\":\"Fotograf\u00eda de boda en Madrid\",\"potentialAction\":[{\"@type\":\"SearchAction\",\"target\":{\"@type\":\"EntryPoint\",\"urlTemplate\":\"https:\/\/www.rivaslampe.com\/?s={search_term_string}\"},\"query-input\":{\"@type\":\"PropertyValueSpecification\",\"valueRequired\":true,\"valueName\":\"search_term_string\"}}],\"inLanguage\":\"en-US\"}]}<\/script>\n<!-- \/ Yoast SEO plugin. -->","yoast_head_json":{"title":"Pol\u00edtica de Cookies - RivasLampe","robots":{"index":"index","follow":"follow","max-snippet":"max-snippet:-1","max-image-preview":"max-image-preview:large","max-video-preview":"max-video-preview:-1"},"canonical":"https:\/\/www.rivaslampe.com\/en\/politica-de-cookies\/","og_locale":"en_US","og_type":"article","og_title":"Pol\u00edtica de Cookies - RivasLampe","og_description":"Pol\u00edtica de cookies \u00bfQu\u00e9 son las cookies? Este sitio web utiliza cookies y\/o tecnolog\u00edas similares que almacenan y recuperan informaci\u00f3n cuando navegas. En general, estas tecnolog\u00edas pueden servir para finalidades muy diversas, como, por ejemplo, reconocerte como usuario, obtener informaci\u00f3n sobre tus h\u00e1bitos de navegaci\u00f3n, o personalizar la forma en que se muestra el contenido. &hellip; Pol\u00edtica de Cookies Read More &raquo;","og_url":"https:\/\/www.rivaslampe.com\/en\/politica-de-cookies\/","og_site_name":"RivasLampe","article_modified_time":"2023-08-23T08:35:27+00:00","twitter_card":"summary_large_image","twitter_misc":{"Est. reading time":"2 minutes"},"schema":{"@context":"https:\/\/schema.org","@graph":[{"@type":"WebPage","@id":"https:\/\/www.rivaslampe.com\/politica-de-cookies\/","url":"https:\/\/www.rivaslampe.com\/politica-de-cookies\/","name":"Pol\u00edtica de Cookies - RivasLampe","isPartOf":{"@id":"https:\/\/www.rivaslampe.com\/#website"},"datePublished":"2023-04-26T14:56:47+00:00","dateModified":"2023-08-23T08:35:27+00:00","breadcrumb":{"@id":"https:\/\/www.rivaslampe.com\/politica-de-cookies\/#breadcrumb"},"inLanguage":"en-US","potentialAction":[{"@type":"ReadAction","target":["https:\/\/www.rivaslampe.com\/politica-de-cookies\/"]}]},{"@type":"BreadcrumbList","@id":"https:\/\/www.rivaslampe.com\/politica-de-cookies\/#breadcrumb","itemListElement":[{"@type":"ListItem","position":1,"name":"Portada","item":"https:\/\/www.rivaslampe.com\/"},{"@type":"ListItem","position":2,"name":"Pol\u00edtica de Cookies"}]},{"@type":"WebSite","@id":"https:\/\/www.rivaslampe.com\/#website","url":"https:\/\/www.rivaslampe.com\/","name":"RivasLampe","description":"Fotograf\u00eda de boda en Madrid","potentialAction":[{"@type":"SearchAction","target":{"@type":"EntryPoint","urlTemplate":"https:\/\/www.rivaslampe.com\/?s={search_term_string}"},"query-input":{"@type":"PropertyValueSpecification","valueRequired":true,"valueName":"search_term_string"}}],"inLanguage":"en-US"}]}},"_links":{"self":[{"href":"https:\/\/www.rivaslampe.com\/en\/wp-json\/wp\/v2\/pages\/1326","targetHints":{"allow":["GET"]}}],"collection":[{"href":"https:\/\/www.rivaslampe.com\/en\/wp-json\/wp\/v2\/pages"}],"about":[{"href":"https:\/\/www.rivaslampe.com\/en\/wp-json\/wp\/v2\/types\/page"}],"author":[{"embeddable":true,"href":"https:\/\/www.rivaslampe.com\/en\/wp-json\/wp\/v2\/users\/4"}],"replies":[{"embeddable":true,"href":"https:\/\/www.rivaslampe.com\/en\/wp-json\/wp\/v2\/comments?post=1326"}],"version-history":[{"count":0,"href":"https:\/\/www.rivaslampe.com\/en\/wp-json\/wp\/v2\/pages\/1326\/revisions"}],"wp:attachment":[{"href":"https:\/\/www.rivaslampe.com\/en\/wp-json\/wp\/v2\/media?parent=1326"}],"curies":[{"name":"wp","href":"https:\/\/api.w.org\/{rel}","templated":true}]}}