{"id":1320,"date":"2023-04-26T14:55:35","date_gmt":"2023-04-26T14:55:35","guid":{"rendered":"https:\/\/www.rivaslampe.com\/?page_id=1320"},"modified":"2023-08-23T08:34:54","modified_gmt":"2023-08-23T08:34:54","slug":"politica-de-privacidad","status":"publish","type":"page","link":"https:\/\/www.rivaslampe.com\/en\/politica-de-privacidad\/","title":{"rendered":"Privacy Policy"},"content":{"rendered":"<div data-elementor-type=\"wp-page\" data-elementor-id=\"1320\" class=\"elementor elementor-1320\" data-elementor-post-type=\"page\">\n\t\t\t\t\t\t<section class=\"elementor-section elementor-top-section elementor-element elementor-element-d12aa64 elementor-section-boxed elementor-section-height-default elementor-section-height-default\" data-id=\"d12aa64\" data-element_type=\"section\" data-e-type=\"section\" data-settings=\"{&quot;background_background&quot;:&quot;classic&quot;}\">\n\t\t\t\t\t\t<div class=\"elementor-container elementor-column-gap-default\">\n\t\t\t\t\t<div class=\"elementor-column elementor-col-100 elementor-top-column elementor-element elementor-element-6a45cff\" data-id=\"6a45cff\" data-element_type=\"column\" data-e-type=\"column\">\n\t\t\t<div class=\"elementor-widget-wrap elementor-element-populated\">\n\t\t\t\t\t\t<div class=\"elementor-element elementor-element-94db285 elementor-widget elementor-widget-heading\" data-id=\"94db285\" data-element_type=\"widget\" data-e-type=\"widget\" data-widget_type=\"heading.default\">\n\t\t\t\t<div class=\"elementor-widget-container\">\n\t\t\t\t\t<h2 class=\"elementor-heading-title elementor-size-default\">Privacy Policy<\/h2>\t\t\t\t<\/div>\n\t\t\t\t<\/div>\n\t\t\t\t<div class=\"elementor-element elementor-element-0b9aede elementor-widget elementor-widget-text-editor\" data-id=\"0b9aede\" data-element_type=\"widget\" data-e-type=\"widget\" data-widget_type=\"text-editor.default\">\n\t\t\t\t<div class=\"elementor-widget-container\">\n\t\t\t\t\t\t\t\t\t<p>Nosotros RivasLampe, ponemos a tu disposici\u00f3n de forma\u00a0<b>clara y concisa<\/b>\u00a0toda la informaci\u00f3n sobre tus datos personales:<\/p><p><b>\u00bfQui\u00e9nes est\u00e1n tratando tus datos?<\/b><\/p><p>Nombre: ANDRE\u00cdNA RIVAS LAMPE<br \/>NIF\/DNI: Y4338559Z<br \/>Direcci\u00f3n: Avenida Bruselas 52 escalera derecha inferior 1.<br \/>Tel\u00e9fono: +34 620 906 689,<br \/>E-mail:\u00a0<a href=\"mailto:a.rivaslampe@gmail.com\">a.rivaslampe@gmail.com<\/a>\u00a0<\/p><p><b>\u00bfQu\u00e9 datos recopilamos?<\/b><\/p><p><b>Directamente:\u00a0<\/b>Datos identificativos<\/p><ul><li>A trav\u00e9s de la cumplimentaci\u00f3n de nuestro formulario de contacto.<\/li><li>Por la suscripci\u00f3n de nuestro bolet\u00edn de noticias (newsletter)<\/li><li>Interacci\u00f3n redes sociales.<\/li><li>Contrataci\u00f3n de nuestros servicios.<\/li><\/ul><p><b>Indirectamente:\u00a0<\/b>Mediante el uso de cookies y otras tecnolog\u00edas<\/p><ul><li>Datos estad\u00edsticos<\/li><li>Datos de ubicaci\u00f3n\u00a0<\/li><li>Datos de navegaci\u00f3n<\/li><\/ul><p><b>\u00bfQu\u00e9 hacemos con tus datos?<\/b><\/p><ul><li>Responder las consultas y peticiones que nos realizan a trav\u00e9s del apartado de contacto y\/o redes sociales.<\/li><\/ul><ul><li>Remisi\u00f3n del bolet\u00edn de noticias (newsletter), para los usuarios que se han suscrito.<\/li><\/ul><ul><li>Prestarte nuestros servicios:<\/li><\/ul><p>-Contacto a trav\u00e9s de correo electr\u00f3nico y\/o telef\u00f3nicamente.<\/p><p>-Incorporamos tus datos identificativos en nuestras bases de datos para tener un registro de nuestros clientes (nombre, apellido, email. Tel\u00e9fono, etc.)<\/p><ul><li>Los datos recabados de forma indirecta a trav\u00e9s de cookies y otras tecnolog\u00edas nos permiten:<\/li><\/ul><p>-Obtener informaci\u00f3n estad\u00edstica sobre las visitas a nuestra web.<\/p><p>-Analizar el patr\u00f3n de navegaci\u00f3n para conocer que productos y\/o servicios le resultan m\u00e1s interesantes a quienes visitan nuestra web.<\/p><p><b>\u00bfC\u00f3mo los obtuvimos?<\/b><\/p><ul><li>Directamente por el usuario:<\/li><\/ul><p>-Al incluirlos en nuestro formulario de contacto<\/p><p>-Al suscribirse en nuestro bolet\u00edn de noticias (newsletter)<\/p><p>-Al suministrarlos a trav\u00e9s de la suscripci\u00f3n del contrato de prestaci\u00f3n de servicios.<\/p><p>-Al seguirnos y compartir contenido, consultas u opiniones a trav\u00e9s de las Redes Sociales.<\/p><p><b>Si cambiaste de opini\u00f3n y no quieres que tengamos tus datos ponte en contacto con nosotros v\u00eda correo electr\u00f3nico a la direcci\u00f3n a.rivaslampe@gmail.com<\/b><\/p><p>Indirectamente por cookies y otras tecnolog\u00edas (para m\u00e1s informaci\u00f3n sobre el funcionamiento ver nuestra\u00a0<a href=\"https:\/\/www.rivaslampe.com\/en\/staging\/politica-de-cookies\/\">Pol\u00edtica de Cookies<\/a>).<\/p><p><b>\u00bfCu\u00e1nto tiempo guardaremos tus datos?<\/b><\/p><p><b>\u00bfCompartimos tus datos?<\/b><\/p><p><b>NO\/S\u00cd\u00a0<\/b>(En caso afirmativo indicar con qui\u00e9n)<\/p><p><b>\u00bfCon qu\u00e9 derechos cuentas para la protecci\u00f3n de tus datos?<\/b><\/p><table><tbody><tr><td><b>Derechos<\/b><\/td><td><b>En qu\u00e9 consisten<\/b><\/td><\/tr><tr><td><b>Acceso<\/b><\/td><td>Puedes dirigirte a nosotros y consultar si estamos tratando tus datos, en caso afirmativo podr\u00e1s pedirnos informaci\u00f3n sobre dicho tratamiento<\/td><\/tr><tr><td><b>Rectificaci\u00f3n<\/b><\/td><td>Si compruebas que hay alg\u00fan error con tus datos, puedes pedirnos que lo rectifiquemos a la brevedad posible<\/td><\/tr><tr><td><b>Supresi\u00f3n<\/b><\/td><td>Puedes pedir que eliminemos tus datos de nuestros archivos<\/td><\/tr><tr><td><b>Portabilidad<\/b><\/td><td>Puedes pedirnos que te entreguemos tus datos para llev\u00e1rtelos con alguien m\u00e1s\u00a0<\/td><\/tr><tr><td><b>Limitaci\u00f3n u oposici\u00f3n<\/b><\/td><td>Puedes oponerte a que tratemos tus datos\u00a0\u00a0<\/td><\/tr><\/tbody><\/table><p>Para m\u00e1s informaci\u00f3n sobre los derechos sobre tus datos personales recomendamos visitar:\u00a0<a href=\"https:\/\/www.aepd.es\/es\/derechos-y-deberes\/conoce-tus-derechos\">https:\/\/www.aepd.es\/es\/derechos-y-deberes\/conoce-tus-derechos<\/a>\u00a0<\/p><p><b>Puedes ejercer cualquiera de los derechos anteriormente mencionados, escribi\u00e9ndonos a la direcci\u00f3n de correo electr\u00f3nico a.rivaslampe@gmail.com, incluyendo una copia de tu documento de identificaci\u00f3n<\/b><\/p><p>Si nuestra respuesta no satisface tus intereses, siempre puedes contactar a la Agencia Espa\u00f1ola de Protecci\u00f3n de Datos para hacer valer tus derechos\u00a0<a href=\"https:\/\/www.aepd.es\/es\">https:\/\/www.aepd.es\/es<\/a>\u00a0<\/p><p>Nos reservamos el derecho de modificar y actualizar la presente Pol\u00edtica de Privacidad en cualquier momento.<\/p><p>Fecha de la \u00faltima actualizaci\u00f3n: 21\/09\/2020.<\/p>\t\t\t\t\t\t\t\t<\/div>\n\t\t\t\t<\/div>\n\t\t\t\t\t<\/div>\n\t\t<\/div>\n\t\t\t\t\t<\/div>\n\t\t<\/section>\n\t\t\t\t<\/div>","protected":false},"excerpt":{"rendered":"<p>Pol\u00edtica de privacidad Nosotros RivasLampe, ponemos a tu disposici\u00f3n de forma\u00a0clara y concisa\u00a0toda la informaci\u00f3n sobre tus datos personales: \u00bfQui\u00e9nes est\u00e1n tratando tus datos? Nombre: ANDRE\u00cdNA RIVAS LAMPENIF\/DNI: Y4338559ZDirecci\u00f3n: Avenida Bruselas 52 escalera derecha inferior 1.Tel\u00e9fono: +34 620 906 689,E-mail:\u00a0a.rivaslampe@gmail.com\u00a0 \u00bfQu\u00e9 datos recopilamos? Directamente:\u00a0Datos identificativos A trav\u00e9s de la cumplimentaci\u00f3n de nuestro formulario de contacto. &hellip;<\/p>\n<p class=\"read-more\"> <a class=\"\" href=\"https:\/\/www.rivaslampe.com\/en\/politica-de-privacidad\/\"> <span class=\"screen-reader-text\">Privacy Policy<\/span> Read More &raquo;<\/a><\/p>","protected":false},"author":4,"featured_media":0,"parent":0,"menu_order":0,"comment_status":"closed","ping_status":"closed","template":"","meta":{"site-sidebar-layout":"no-sidebar","site-content-layout":"page-builder","ast-site-content-layout":"","site-content-style":"default","site-sidebar-style":"default","ast-global-header-display":"","ast-banner-title-visibility":"","ast-main-header-display":"","ast-hfb-above-header-display":"","ast-hfb-below-header-display":"","ast-hfb-mobile-header-display":"","site-post-title":"disabled","ast-breadcrumbs-content":"","ast-featured-img":"disabled","footer-sml-layout":"","theme-transparent-header-meta":"","adv-header-id-meta":"","stick-header-meta":"","header-above-stick-meta":"","header-main-stick-meta":"","header-below-stick-meta":"","astra-migrate-meta-layouts":"","footnotes":""},"class_list":["post-1320","page","type-page","status-publish","hentry"],"yoast_head":"<!-- This site is optimized with the Yoast SEO plugin v27.0 - https:\/\/yoast.com\/product\/yoast-seo-wordpress\/ -->\n<title>Pol\u00edtica de privacidad - RivasLampe<\/title>\n<meta name=\"robots\" content=\"index, follow, max-snippet:-1, max-image-preview:large, max-video-preview:-1\" \/>\n<link rel=\"canonical\" href=\"https:\/\/www.rivaslampe.com\/en\/politica-de-privacidad\/\" \/>\n<meta property=\"og:locale\" content=\"en_US\" \/>\n<meta property=\"og:type\" content=\"article\" \/>\n<meta property=\"og:title\" content=\"Pol\u00edtica de privacidad - RivasLampe\" \/>\n<meta property=\"og:description\" content=\"Pol\u00edtica de privacidad Nosotros RivasLampe, ponemos a tu disposici\u00f3n de forma\u00a0clara y concisa\u00a0toda la informaci\u00f3n sobre tus datos personales: \u00bfQui\u00e9nes est\u00e1n tratando tus datos? Nombre: ANDRE\u00cdNA RIVAS LAMPENIF\/DNI: Y4338559ZDirecci\u00f3n: Avenida Bruselas 52 escalera derecha inferior 1.Tel\u00e9fono: +34 620 906 689,E-mail:\u00a0a.rivaslampe@gmail.com\u00a0 \u00bfQu\u00e9 datos recopilamos? Directamente:\u00a0Datos identificativos A trav\u00e9s de la cumplimentaci\u00f3n de nuestro formulario de contacto. &hellip; Pol\u00edtica de privacidad Read More &raquo;\" \/>\n<meta property=\"og:url\" content=\"https:\/\/www.rivaslampe.com\/en\/politica-de-privacidad\/\" \/>\n<meta property=\"og:site_name\" content=\"RivasLampe\" \/>\n<meta property=\"article:modified_time\" content=\"2023-08-23T08:34:54+00:00\" \/>\n<meta name=\"twitter:card\" content=\"summary_large_image\" \/>\n<meta name=\"twitter:label1\" content=\"Est. reading time\" \/>\n\t<meta name=\"twitter:data1\" content=\"3 minutes\" \/>\n<script type=\"application\/ld+json\" class=\"yoast-schema-graph\">{\"@context\":\"https:\/\/schema.org\",\"@graph\":[{\"@type\":\"WebPage\",\"@id\":\"https:\/\/www.rivaslampe.com\/politica-de-privacidad\/\",\"url\":\"https:\/\/www.rivaslampe.com\/politica-de-privacidad\/\",\"name\":\"Pol\u00edtica de privacidad - RivasLampe\",\"isPartOf\":{\"@id\":\"https:\/\/www.rivaslampe.com\/#website\"},\"datePublished\":\"2023-04-26T14:55:35+00:00\",\"dateModified\":\"2023-08-23T08:34:54+00:00\",\"breadcrumb\":{\"@id\":\"https:\/\/www.rivaslampe.com\/politica-de-privacidad\/#breadcrumb\"},\"inLanguage\":\"en-US\",\"potentialAction\":[{\"@type\":\"ReadAction\",\"target\":[\"https:\/\/www.rivaslampe.com\/politica-de-privacidad\/\"]}]},{\"@type\":\"BreadcrumbList\",\"@id\":\"https:\/\/www.rivaslampe.com\/politica-de-privacidad\/#breadcrumb\",\"itemListElement\":[{\"@type\":\"ListItem\",\"position\":1,\"name\":\"Portada\",\"item\":\"https:\/\/www.rivaslampe.com\/\"},{\"@type\":\"ListItem\",\"position\":2,\"name\":\"Pol\u00edtica de privacidad\"}]},{\"@type\":\"WebSite\",\"@id\":\"https:\/\/www.rivaslampe.com\/#website\",\"url\":\"https:\/\/www.rivaslampe.com\/\",\"name\":\"RivasLampe\",\"description\":\"Fotograf\u00eda de boda en Madrid\",\"potentialAction\":[{\"@type\":\"SearchAction\",\"target\":{\"@type\":\"EntryPoint\",\"urlTemplate\":\"https:\/\/www.rivaslampe.com\/?s={search_term_string}\"},\"query-input\":{\"@type\":\"PropertyValueSpecification\",\"valueRequired\":true,\"valueName\":\"search_term_string\"}}],\"inLanguage\":\"en-US\"}]}<\/script>\n<!-- \/ Yoast SEO plugin. -->","yoast_head_json":{"title":"Pol\u00edtica de privacidad - RivasLampe","robots":{"index":"index","follow":"follow","max-snippet":"max-snippet:-1","max-image-preview":"max-image-preview:large","max-video-preview":"max-video-preview:-1"},"canonical":"https:\/\/www.rivaslampe.com\/en\/politica-de-privacidad\/","og_locale":"en_US","og_type":"article","og_title":"Pol\u00edtica de privacidad - RivasLampe","og_description":"Pol\u00edtica de privacidad Nosotros RivasLampe, ponemos a tu disposici\u00f3n de forma\u00a0clara y concisa\u00a0toda la informaci\u00f3n sobre tus datos personales: \u00bfQui\u00e9nes est\u00e1n tratando tus datos? Nombre: ANDRE\u00cdNA RIVAS LAMPENIF\/DNI: Y4338559ZDirecci\u00f3n: Avenida Bruselas 52 escalera derecha inferior 1.Tel\u00e9fono: +34 620 906 689,E-mail:\u00a0a.rivaslampe@gmail.com\u00a0 \u00bfQu\u00e9 datos recopilamos? Directamente:\u00a0Datos identificativos A trav\u00e9s de la cumplimentaci\u00f3n de nuestro formulario de contacto. &hellip; Pol\u00edtica de privacidad Read More &raquo;","og_url":"https:\/\/www.rivaslampe.com\/en\/politica-de-privacidad\/","og_site_name":"RivasLampe","article_modified_time":"2023-08-23T08:34:54+00:00","twitter_card":"summary_large_image","twitter_misc":{"Est. reading time":"3 minutes"},"schema":{"@context":"https:\/\/schema.org","@graph":[{"@type":"WebPage","@id":"https:\/\/www.rivaslampe.com\/politica-de-privacidad\/","url":"https:\/\/www.rivaslampe.com\/politica-de-privacidad\/","name":"Pol\u00edtica de privacidad - RivasLampe","isPartOf":{"@id":"https:\/\/www.rivaslampe.com\/#website"},"datePublished":"2023-04-26T14:55:35+00:00","dateModified":"2023-08-23T08:34:54+00:00","breadcrumb":{"@id":"https:\/\/www.rivaslampe.com\/politica-de-privacidad\/#breadcrumb"},"inLanguage":"en-US","potentialAction":[{"@type":"ReadAction","target":["https:\/\/www.rivaslampe.com\/politica-de-privacidad\/"]}]},{"@type":"BreadcrumbList","@id":"https:\/\/www.rivaslampe.com\/politica-de-privacidad\/#breadcrumb","itemListElement":[{"@type":"ListItem","position":1,"name":"Portada","item":"https:\/\/www.rivaslampe.com\/"},{"@type":"ListItem","position":2,"name":"Pol\u00edtica de privacidad"}]},{"@type":"WebSite","@id":"https:\/\/www.rivaslampe.com\/#website","url":"https:\/\/www.rivaslampe.com\/","name":"RivasLampe","description":"Fotograf\u00eda de boda en Madrid","potentialAction":[{"@type":"SearchAction","target":{"@type":"EntryPoint","urlTemplate":"https:\/\/www.rivaslampe.com\/?s={search_term_string}"},"query-input":{"@type":"PropertyValueSpecification","valueRequired":true,"valueName":"search_term_string"}}],"inLanguage":"en-US"}]}},"_links":{"self":[{"href":"https:\/\/www.rivaslampe.com\/en\/wp-json\/wp\/v2\/pages\/1320","targetHints":{"allow":["GET"]}}],"collection":[{"href":"https:\/\/www.rivaslampe.com\/en\/wp-json\/wp\/v2\/pages"}],"about":[{"href":"https:\/\/www.rivaslampe.com\/en\/wp-json\/wp\/v2\/types\/page"}],"author":[{"embeddable":true,"href":"https:\/\/www.rivaslampe.com\/en\/wp-json\/wp\/v2\/users\/4"}],"replies":[{"embeddable":true,"href":"https:\/\/www.rivaslampe.com\/en\/wp-json\/wp\/v2\/comments?post=1320"}],"version-history":[{"count":0,"href":"https:\/\/www.rivaslampe.com\/en\/wp-json\/wp\/v2\/pages\/1320\/revisions"}],"wp:attachment":[{"href":"https:\/\/www.rivaslampe.com\/en\/wp-json\/wp\/v2\/media?parent=1320"}],"curies":[{"name":"wp","href":"https:\/\/api.w.org\/{rel}","templated":true}]}}