{"id":1310,"date":"2023-04-26T14:51:53","date_gmt":"2023-04-26T14:51:53","guid":{"rendered":"https:\/\/www.rivaslampe.com\/?page_id=1310"},"modified":"2023-08-23T08:34:35","modified_gmt":"2023-08-23T08:34:35","slug":"aviso-legal","status":"publish","type":"page","link":"https:\/\/www.rivaslampe.com\/en\/aviso-legal\/","title":{"rendered":"Legal Notice"},"content":{"rendered":"<div data-elementor-type=\"wp-page\" data-elementor-id=\"1310\" class=\"elementor elementor-1310\" data-elementor-post-type=\"page\">\n\t\t\t\t\t\t<section class=\"elementor-section elementor-top-section elementor-element elementor-element-9867e38 elementor-section-boxed elementor-section-height-default elementor-section-height-default\" data-id=\"9867e38\" data-element_type=\"section\" data-e-type=\"section\" data-settings=\"{&quot;background_background&quot;:&quot;classic&quot;}\">\n\t\t\t\t\t\t<div class=\"elementor-container elementor-column-gap-default\">\n\t\t\t\t\t<div class=\"elementor-column elementor-col-100 elementor-top-column elementor-element elementor-element-8084563\" data-id=\"8084563\" data-element_type=\"column\" data-e-type=\"column\">\n\t\t\t<div class=\"elementor-widget-wrap elementor-element-populated\">\n\t\t\t\t\t\t<div class=\"elementor-element elementor-element-f93112a elementor-widget elementor-widget-heading\" data-id=\"f93112a\" data-element_type=\"widget\" data-e-type=\"widget\" data-widget_type=\"heading.default\">\n\t\t\t\t<div class=\"elementor-widget-container\">\n\t\t\t\t\t<h2 class=\"elementor-heading-title elementor-size-default\">Legal Notice<\/h2>\t\t\t\t<\/div>\n\t\t\t\t<\/div>\n\t\t\t\t<div class=\"elementor-element elementor-element-1e39545 elementor-widget elementor-widget-text-editor\" data-id=\"1e39545\" data-element_type=\"widget\" data-e-type=\"widget\" data-widget_type=\"text-editor.default\">\n\t\t\t\t<div class=\"elementor-widget-container\">\n\t\t\t\t\t\t\t\t\t<p>El presente Aviso Legal regula el uso de la p\u00e1gina web s417712bd-38d0-4d74-9562-bb2b5f3aad03.mialojamiento.es (en adelante, la Web), titularidad de:<\/p><ul><li>ANDRE\u00cdNA RIVAS LAMPE, (en adelante, RivasLampe),\u00a0<\/li><li>NIF: Y4338559Z<\/li><li>Direcci\u00f3n: Avenida Bruselas 52 escalera derecha inferior 1.\u00a0<\/li><li>Tel\u00e9fono: +34 620 906 689, E-mail:\u00a0<a href=\"mailto:a.rivaslampe@gmail.com\">a.rivaslampe@gmail.com<\/a>\u00a0<\/li><\/ul><p>La utilizaci\u00f3n de la Web atribuye la condici\u00f3n de Usuario del mismo e implica la aceptaci\u00f3n de todas las condiciones incluidas en el presente Aviso Legal.\u00a0<\/p><p><b>Uso de la p\u00e1gina<\/b><\/p><p>El usuario se obliga a no utilizar la Web para la realizaci\u00f3n de actividades contrarias a las leyes, a la moral, al orden p\u00fablico y, en general, a hacer un uso conforme a las condiciones establecidas en el presente Aviso Legal. Asimismo, se obliga a no realizar actividades publicitarias o de explotaci\u00f3n comercial remitiendo mensajes que utilicen una identidad falsa.<\/p><p>RivasLampe act\u00faa exclusivamente como responsable de la Web en su condici\u00f3n de prestador de un servicio de informaci\u00f3n sobre sus propios servicios, no haci\u00e9ndose responsable de los contenidos que, en contravenci\u00f3n a las presentes condiciones generales, los usuarios pudieran enviar o publicar, siendo el Usuario el \u00fanico responsable de la veracidad y licitud de los mismos.<\/p><p>RivasLampe podr\u00e1 interrumpir el servicio de la P\u00e1gina que est\u00e9 siendo utilizado por el usuario y resolver de modo inmediato la relaci\u00f3n con el usuario si detecta un uso de la Web\u00a0 o de cualquiera de los servicios que en el mismo se ofertan que pueda considerar contrario a lo expresado en el presente Aviso Legal.<\/p><p><b>Propiedad industrial e intelectual<\/b><\/p><p>La totalidad de esta Web: texto, im\u00e1genes, marcas, gr\u00e1ficos, logotipos, botones, archivos de software, combinaciones de colores, as\u00ed como la estructura, selecci\u00f3n, ordenaci\u00f3n y presentaci\u00f3n de sus contenidos, se encuentra protegida por las leyes sobre Propiedad Intelectual e Industrial, quedando prohibida su reproducci\u00f3n, distribuci\u00f3n, comunicaci\u00f3n p\u00fablica y transformaci\u00f3n, salvo para uso personal y privado.<\/p><p>RivasLampe no garantiza que los contenidos sean precisos o libres de error o que el libre uso de los mismos por el usuario no infrinja los derechos de terceras partes. El buen o mal uso de esta p\u00e1gina y de sus contenidos est\u00e1 bajo la responsabilidad del usuario.<\/p><p>Asimismo, queda prohibida la reproducci\u00f3n, retransmisi\u00f3n, copia, cesi\u00f3n o redifusi\u00f3n, total o parcial, de la informaci\u00f3n contenida en la Web, cualquiera que fuera su finalidad y el medio utilizado para ello.<\/p><p>La utilizaci\u00f3n no autorizada de la informaci\u00f3n contenida en la Web, as\u00ed como los perjuicios ocasionados en los derechos de propiedad intelectual e industrial de RivasLampe, pueden dar lugar al ejercicio de las acciones que legalmente correspondan y, si procede, a las responsabilidades que de dicho ejercicio se deriven.<\/p><p><b>Responsabilidades<\/b><\/p><p>RivasLampe no ser\u00e1 responsable directa ni subsidiariamente de:<\/p><ul><li>El contenido, programas, informaci\u00f3n y\/o consejos expresados en esta Web deben entenderse como simplemente orientativos. RivasLampe, no responde de ninguna forma de la efectividad o exactitud de los mismos, quedando exenta de cualquier responsabilidad contractual o extracontractual con los Usuarios que haga uso de ellos.<\/li><li>En la Web se pueden publicar contenidos aportados por terceras personas o empresas, RivasLampe, no responde de la veracidad y exactitud de los mismos, quedando exenta de cualquier responsabilidad contractual o extracontractual con los Usuarios que hagan uso de ellos.<\/li><li>RivasLampe, se reserva el derecho de modificar el contenido de la Web sin previo aviso y sin ning\u00fan tipo de limitaci\u00f3n.<\/li><li>RivasLampe no ser\u00e1 responsable por los eventuales da\u00f1os y perjuicios que puedan ocasionarse por la falta de disponibilidad y\/o continuidad de esta Web y de los servicios que se ofrecen en ella.<\/li><li>RivasLampe no garantiza la ausencia de virus ni de otros elementos en la Web que puedan producir alteraciones en su sistema inform\u00e1tico, por lo tanto, XXXX no asumir\u00e1 cualquier responsabilidad contractual o extracontractual con los Usuarios que hagan uso de ello y tuviera perjuicios de cualquier naturaleza ocasionados por virus inform\u00e1ticos o por elementos inform\u00e1ticos de cualquier \u00edndole.<\/li><li>RivasLampe no ser\u00e1 responsable por los servicios que eventualmente pudieran prestarse en la Web por parte de terceros.<\/li><li>RivasLampe no asumir\u00e1 cualquier responsabilidad por los servicios y\/o informaci\u00f3n que se preste en otras Webs enlazados con esta. RivasLampe, no controla ni ejerce ning\u00fan tipo de supervisi\u00f3n en Webs de terceros.\u00a0<\/li><\/ul><p>A t\u00edtulo enunciativo, el usuario ser\u00e1 responsable de:<\/p><ul><li>De los contenidos introducidos por ellos, especialmente de los datos e informaciones introducidos y enviados a Rivaslampe por medio de la Web o en la Web.<\/li><li>De la realizaci\u00f3n de cualquier tipo de actuaci\u00f3n il\u00edcita, lesiva de derechos, nociva y\/o perjudicial.<\/li><li>De la facilitaci\u00f3n de datos no veraces o incorrectos.\u00a0<\/li><\/ul><p><b>Menores de edad<\/b><\/p><ul><li>RivasLampe recuerda a los usuarios mayores de edad, que tengan a su cargo menores, que ser\u00e1 de su exclusiva responsabilidad determinar qu\u00e9 servicios y\/o contenidos son no apropiados para la edad de estos \u00faltimos.<\/li><li>Les informamos que existen programas inform\u00e1ticos que permiten filtrar y bloquear el acceso a determinados contenidos y servicios, de tal forma que los padres o tutores, pueden limitar el acceso a internet de los mismos.<\/li><\/ul><p><b>Pol\u00edtica de Protecci\u00f3n de Datos<\/b><\/p><p>Puede consultar nuestra Pol\u00edtica de Protecci\u00f3n de Datos en el apartado\u00a0<a href=\"https:\/\/www.rivaslampe.com\/en\/staging\/politica-de-privacidad\/\">Privacy Policy<\/a>\u00a0de esta Web.<\/p><p><b>Pol\u00edtica de Protecci\u00f3n de Datos<\/b><\/p><p>Puede consultar nuestra Pol\u00edtica de Cookies en el apartado\u00a0<a href=\"https:\/\/www.rivaslampe.com\/en\/staging\/politica-de-cookies\/\">Pol\u00edtica de Cookies<\/a>\u00a0de esta Web.<\/p><p><b>Legislaci\u00f3n<\/b><\/p><p>El presente Aviso legal se ha establecido en idioma espa\u00f1ol y todos los aspectos jur\u00eddicos de esta Web se rigen por la legislaci\u00f3n espa\u00f1ola y ser\u00e1n competentes los Juzgados de la Ciudad de Madrid para dirimir cualquier controversia que se suscite entre las partes.<\/p><p>Fecha de la \u00faltima actualizaci\u00f3n: 21\/09\/2020.<\/p>\t\t\t\t\t\t\t\t<\/div>\n\t\t\t\t<\/div>\n\t\t\t\t\t<\/div>\n\t\t<\/div>\n\t\t\t\t\t<\/div>\n\t\t<\/section>\n\t\t\t\t<\/div>","protected":false},"excerpt":{"rendered":"<p>Aviso Legal El presente Aviso Legal regula el uso de la p\u00e1gina web s417712bd-38d0-4d74-9562-bb2b5f3aad03.mialojamiento.es (en adelante, la Web), titularidad de: ANDRE\u00cdNA RIVAS LAMPE, (en adelante, RivasLampe),\u00a0 NIF: Y4338559Z Direcci\u00f3n: Avenida Bruselas 52 escalera derecha inferior 1.\u00a0 Tel\u00e9fono: +34 620 906 689, E-mail:\u00a0a.rivaslampe@gmail.com\u00a0 La utilizaci\u00f3n de la Web atribuye la condici\u00f3n de Usuario del mismo e &hellip;<\/p>\n<p class=\"read-more\"> <a class=\"\" href=\"https:\/\/www.rivaslampe.com\/en\/aviso-legal\/\"> <span class=\"screen-reader-text\">Legal Notice<\/span> Read More &raquo;<\/a><\/p>","protected":false},"author":4,"featured_media":0,"parent":0,"menu_order":0,"comment_status":"closed","ping_status":"closed","template":"","meta":{"site-sidebar-layout":"no-sidebar","site-content-layout":"page-builder","ast-site-content-layout":"","site-content-style":"default","site-sidebar-style":"default","ast-global-header-display":"","ast-banner-title-visibility":"","ast-main-header-display":"","ast-hfb-above-header-display":"","ast-hfb-below-header-display":"","ast-hfb-mobile-header-display":"","site-post-title":"disabled","ast-breadcrumbs-content":"","ast-featured-img":"disabled","footer-sml-layout":"","theme-transparent-header-meta":"","adv-header-id-meta":"","stick-header-meta":"","header-above-stick-meta":"","header-main-stick-meta":"","header-below-stick-meta":"","astra-migrate-meta-layouts":"","footnotes":""},"class_list":["post-1310","page","type-page","status-publish","hentry"],"yoast_head":"<!-- This site is optimized with the Yoast SEO plugin v27.0 - https:\/\/yoast.com\/product\/yoast-seo-wordpress\/ -->\n<title>Aviso Legal - RivasLampe<\/title>\n<meta name=\"robots\" content=\"index, follow, max-snippet:-1, max-image-preview:large, max-video-preview:-1\" \/>\n<link rel=\"canonical\" href=\"https:\/\/www.rivaslampe.com\/en\/aviso-legal\/\" \/>\n<meta property=\"og:locale\" content=\"en_US\" \/>\n<meta property=\"og:type\" content=\"article\" \/>\n<meta property=\"og:title\" content=\"Aviso Legal - RivasLampe\" \/>\n<meta property=\"og:description\" content=\"Aviso Legal El presente Aviso Legal regula el uso de la p\u00e1gina web s417712bd-38d0-4d74-9562-bb2b5f3aad03.mialojamiento.es (en adelante, la Web), titularidad de: ANDRE\u00cdNA RIVAS LAMPE, (en adelante, RivasLampe),\u00a0 NIF: Y4338559Z Direcci\u00f3n: Avenida Bruselas 52 escalera derecha inferior 1.\u00a0 Tel\u00e9fono: +34 620 906 689, E-mail:\u00a0a.rivaslampe@gmail.com\u00a0 La utilizaci\u00f3n de la Web atribuye la condici\u00f3n de Usuario del mismo e &hellip; Aviso Legal Read More &raquo;\" \/>\n<meta property=\"og:url\" content=\"https:\/\/www.rivaslampe.com\/en\/aviso-legal\/\" \/>\n<meta property=\"og:site_name\" content=\"RivasLampe\" \/>\n<meta property=\"article:modified_time\" content=\"2023-08-23T08:34:35+00:00\" \/>\n<meta name=\"twitter:card\" content=\"summary_large_image\" \/>\n<meta name=\"twitter:label1\" content=\"Est. reading time\" \/>\n\t<meta name=\"twitter:data1\" content=\"5 minutes\" \/>\n<script type=\"application\/ld+json\" class=\"yoast-schema-graph\">{\"@context\":\"https:\/\/schema.org\",\"@graph\":[{\"@type\":\"WebPage\",\"@id\":\"https:\/\/www.rivaslampe.com\/aviso-legal\/\",\"url\":\"https:\/\/www.rivaslampe.com\/aviso-legal\/\",\"name\":\"Aviso Legal - RivasLampe\",\"isPartOf\":{\"@id\":\"https:\/\/www.rivaslampe.com\/#website\"},\"datePublished\":\"2023-04-26T14:51:53+00:00\",\"dateModified\":\"2023-08-23T08:34:35+00:00\",\"breadcrumb\":{\"@id\":\"https:\/\/www.rivaslampe.com\/aviso-legal\/#breadcrumb\"},\"inLanguage\":\"en-US\",\"potentialAction\":[{\"@type\":\"ReadAction\",\"target\":[\"https:\/\/www.rivaslampe.com\/aviso-legal\/\"]}]},{\"@type\":\"BreadcrumbList\",\"@id\":\"https:\/\/www.rivaslampe.com\/aviso-legal\/#breadcrumb\",\"itemListElement\":[{\"@type\":\"ListItem\",\"position\":1,\"name\":\"Portada\",\"item\":\"https:\/\/www.rivaslampe.com\/\"},{\"@type\":\"ListItem\",\"position\":2,\"name\":\"Aviso Legal\"}]},{\"@type\":\"WebSite\",\"@id\":\"https:\/\/www.rivaslampe.com\/#website\",\"url\":\"https:\/\/www.rivaslampe.com\/\",\"name\":\"RivasLampe\",\"description\":\"Fotograf\u00eda de boda en Madrid\",\"potentialAction\":[{\"@type\":\"SearchAction\",\"target\":{\"@type\":\"EntryPoint\",\"urlTemplate\":\"https:\/\/www.rivaslampe.com\/?s={search_term_string}\"},\"query-input\":{\"@type\":\"PropertyValueSpecification\",\"valueRequired\":true,\"valueName\":\"search_term_string\"}}],\"inLanguage\":\"en-US\"}]}<\/script>\n<!-- \/ Yoast SEO plugin. -->","yoast_head_json":{"title":"Aviso Legal - RivasLampe","robots":{"index":"index","follow":"follow","max-snippet":"max-snippet:-1","max-image-preview":"max-image-preview:large","max-video-preview":"max-video-preview:-1"},"canonical":"https:\/\/www.rivaslampe.com\/en\/aviso-legal\/","og_locale":"en_US","og_type":"article","og_title":"Aviso Legal - RivasLampe","og_description":"Aviso Legal El presente Aviso Legal regula el uso de la p\u00e1gina web s417712bd-38d0-4d74-9562-bb2b5f3aad03.mialojamiento.es (en adelante, la Web), titularidad de: ANDRE\u00cdNA RIVAS LAMPE, (en adelante, RivasLampe),\u00a0 NIF: Y4338559Z Direcci\u00f3n: Avenida Bruselas 52 escalera derecha inferior 1.\u00a0 Tel\u00e9fono: +34 620 906 689, E-mail:\u00a0a.rivaslampe@gmail.com\u00a0 La utilizaci\u00f3n de la Web atribuye la condici\u00f3n de Usuario del mismo e &hellip; Aviso Legal Read More &raquo;","og_url":"https:\/\/www.rivaslampe.com\/en\/aviso-legal\/","og_site_name":"RivasLampe","article_modified_time":"2023-08-23T08:34:35+00:00","twitter_card":"summary_large_image","twitter_misc":{"Est. reading time":"5 minutes"},"schema":{"@context":"https:\/\/schema.org","@graph":[{"@type":"WebPage","@id":"https:\/\/www.rivaslampe.com\/aviso-legal\/","url":"https:\/\/www.rivaslampe.com\/aviso-legal\/","name":"Aviso Legal - RivasLampe","isPartOf":{"@id":"https:\/\/www.rivaslampe.com\/#website"},"datePublished":"2023-04-26T14:51:53+00:00","dateModified":"2023-08-23T08:34:35+00:00","breadcrumb":{"@id":"https:\/\/www.rivaslampe.com\/aviso-legal\/#breadcrumb"},"inLanguage":"en-US","potentialAction":[{"@type":"ReadAction","target":["https:\/\/www.rivaslampe.com\/aviso-legal\/"]}]},{"@type":"BreadcrumbList","@id":"https:\/\/www.rivaslampe.com\/aviso-legal\/#breadcrumb","itemListElement":[{"@type":"ListItem","position":1,"name":"Portada","item":"https:\/\/www.rivaslampe.com\/"},{"@type":"ListItem","position":2,"name":"Aviso Legal"}]},{"@type":"WebSite","@id":"https:\/\/www.rivaslampe.com\/#website","url":"https:\/\/www.rivaslampe.com\/","name":"RivasLampe","description":"Fotograf\u00eda de boda en Madrid","potentialAction":[{"@type":"SearchAction","target":{"@type":"EntryPoint","urlTemplate":"https:\/\/www.rivaslampe.com\/?s={search_term_string}"},"query-input":{"@type":"PropertyValueSpecification","valueRequired":true,"valueName":"search_term_string"}}],"inLanguage":"en-US"}]}},"_links":{"self":[{"href":"https:\/\/www.rivaslampe.com\/en\/wp-json\/wp\/v2\/pages\/1310","targetHints":{"allow":["GET"]}}],"collection":[{"href":"https:\/\/www.rivaslampe.com\/en\/wp-json\/wp\/v2\/pages"}],"about":[{"href":"https:\/\/www.rivaslampe.com\/en\/wp-json\/wp\/v2\/types\/page"}],"author":[{"embeddable":true,"href":"https:\/\/www.rivaslampe.com\/en\/wp-json\/wp\/v2\/users\/4"}],"replies":[{"embeddable":true,"href":"https:\/\/www.rivaslampe.com\/en\/wp-json\/wp\/v2\/comments?post=1310"}],"version-history":[{"count":0,"href":"https:\/\/www.rivaslampe.com\/en\/wp-json\/wp\/v2\/pages\/1310\/revisions"}],"wp:attachment":[{"href":"https:\/\/www.rivaslampe.com\/en\/wp-json\/wp\/v2\/media?parent=1310"}],"curies":[{"name":"wp","href":"https:\/\/api.w.org\/{rel}","templated":true}]}}